{"id":30,"date":"2012-11-22T13:40:09","date_gmt":"2012-11-22T13:40:09","guid":{"rendered":"http:\/\/www.gruenkapitalist.com\/?page_id=30"},"modified":"2018-11-28T22:53:50","modified_gmt":"2018-11-28T21:53:50","slug":"geschichte","status":"publish","type":"page","link":"https:\/\/www.ahc-neudoerfl.com\/?page_id=30","title":{"rendered":"Geschichte"},"content":{"rendered":"<h2><strong>Am 14. November &nbsp;1977 wurde der Anh\u00e4ngerclub des SC Neud\u00f6rfl, kurz AHC, gegr\u00fcndet.<\/strong><\/h2>\n<h3><strong><span style=\"text-decoration: underline;\">Der erste Vorstand: <\/span><\/strong><\/h3>\n<p>Walter OLBRICH &nbsp;(Obmann)<\/p>\n<p>Leopold BRAUNSTORFER &nbsp;(Pr\u00e4sident)<\/p>\n<p>Helmut MATZAK &nbsp;(2. Obmann und Kassier)<\/p>\n<p>Gertrude PORTIUS&nbsp; (2. Kassier)<\/p>\n<p>Werner KOVAR&nbsp;&nbsp;(Schriftf\u00fchrer)<\/p>\n<p>Fritz HENDLING und&nbsp;Josef DORFMEISTER&nbsp; (Kontrolle)<\/p>\n<p>Beisitzer:<\/p>\n<p>Peter PORTIUS, &nbsp;Hans Gert &#8222;Tschipsl&#8220; FISCHER, Josef&nbsp; &#8222;Pepi&#8220; ZENZ, Karl &#8222;Charly&#8220; HAUER, Franz KAROLY, &nbsp;Josef STOISS, Walter GRAF, &nbsp;Johann REITER und Robert SALCHER<\/p>\n<h4><strong>Weitere Funktion\u00e4re seit der Gr\u00fcndung<\/strong><\/h4>\n<p>Edith OLBRICH, Reini KNOTZER&nbsp;, Hans HOLZER, Romy HOLZER, Erich STEIGER, Renate KNOTZER, Hans REHBERGER, Christian OLBRICH, Klaus EITZENBERGER, Harald WEBER, Martin SALCHER, Ing. Matthias KARASZMANN, Franz PICHLER, Rainer LANZ, Hans WEDL, Reinhard MERKATZ, Herbert PINTER, Viktor PAMPUSCH, Waltraud PAMPUSCH, Wolfgang KNOTZER, Trixi MAJER, Alexandra MAJER, Willi MAJER, Alois STEINER, Doris STEINER,&nbsp;Elfi ZEUGNER-MARBAN, Sepp MARBAN, Ing. Markus REINECKER, Franz DONHAUSER, Ing. Wolfgang HAJEK, Anita RISNER, Helmut REISNER, Ingrid REISNER, Birgit MOSOUNYI<\/p>\n<h4><strong>Anla\u00df zur Gr\u00fcndung und Vereinsinteressen: <\/strong><\/h4>\n<ul>\n<li>Unterst\u00fctzung des SC Neud\u00f6rfl \u2013 Subvention der Vereinsjugend<\/li>\n<li>Mithilfe zur Erweiterung und Erhaltung der Infrastruktur, Sportplatz und Kantine<\/li>\n<li>Servicebereich f\u00fcr unsere Mitglieder<\/li>\n<li>Organisation von Fanbusfahrten zu Ausw\u00e4rtsspielen unserer Mannschaft<\/li>\n<li>Ausf\u00fchrung der Faschingsmontag &#8211; Veranstaltung im Martinihof<\/li>\n<li>Mitwirkung am Dorffest<\/li>\n<\/ul>\n<p>&nbsp;<\/p>\n<h3><strong>Mitglieder<\/strong><\/h3>\n<p>Der Verein z\u00e4hlt zur Zeit 117 Mitglieder. Der Mitgliedsbeitag j\u00e4hrlich pro Mitglied EUR 26,00, f\u00fcr Ehepaare EUR 36,00.<\/p>\n<p>&nbsp;<\/p>\n<div>\n<h2>Generalversammlung&nbsp; des Anh\u00e4ngerclubs (AHC) vom&nbsp;19.06.2015 im Martinihof<\/h2>\n<p style=\"text-align: center;\"><a href=\"http:\/\/www.ahc-neudoerfl.com\/wp-content\/uploads\/2012\/11\/P6193833.jpg\"><img loading=\"lazy\" decoding=\"async\" class=\"wp-image-710 size-full aligncenter\" style=\"width: 668px; height: 710px;\" src=\"http:\/\/www.ahc-neudoerfl.com\/wp-content\/uploads\/2012\/11\/P6193833.jpg\" alt=\"\" width=\"1088\" height=\"871\"><\/a>Berthold Farkas als AHC Obmann wieder best\u00e4tigt \u2013 Gerhard Kiraly als sein Stellvertreter ebenso.<\/p>\n<p>&nbsp;<\/p>\n<p><strong>Pr\u00e4sident: <\/strong>Leopold Braunstorfer<\/p>\n<p><strong>Obmann: <\/strong>Berthold Farkas<\/p>\n<p><strong>Obmann Stv: <\/strong>Gerhard Kiraly<\/p>\n<p><strong>Kassier: <\/strong>Helmut Schreiter<\/p>\n<p><strong>Kassier Stv: <\/strong>Joachim Olbrich<\/p>\n<p><strong>Schriftf\u00fchrer: <\/strong>Annemarie Scheingruntner<\/p>\n<p><strong>S<\/strong><strong>chriftf\u00fchrer Stv: <\/strong>Heinz Farkas<\/p>\n<p><strong>Rechnungspr\u00fcfer: <\/strong>Peter Portius<\/p>\n<p><strong>Rechnungspr\u00fcfer: <\/strong>Johann H\u00f6randl<\/p>\n<p><strong>Ehrenfunktion\u00e4r: <\/strong>Josef Scheucher<\/p>\n<p><strong>Ehrenfunktion\u00e4r: <\/strong>Johann H\u00f6randl<\/p>\n<p>&nbsp;<\/p>\n<p><strong>Beir\u00e4te:<\/strong><\/p>\n<p>Karin Maszlovits, Franz Maszlovits,&nbsp;Josef Scheucher, Ernst Wenzel, Josef Plesskott, Stefanie Scheingruntner (neu), Roman Eitzenberger (neu)<\/p>\n<\/div>\n","protected":false},"excerpt":{"rendered":"<p>Am 14. November &nbsp;1977 wurde der Anh\u00e4ngerclub des SC Neud\u00f6rfl, kurz AHC, gegr\u00fcndet. Der erste Vorstand: Walter OLBRICH &nbsp;(Obmann) Leopold BRAUNSTORFER &nbsp;(Pr\u00e4sident) Helmut MATZAK &nbsp;(2. Obmann und Kassier) Gertrude PORTIUS&nbsp; (2. Kassier) Werner KOVAR&nbsp;&nbsp;(Schriftf\u00fchrer) Fritz HENDLING und&nbsp;Josef DORFMEISTER&nbsp; (Kontrolle) Beisitzer: Peter PORTIUS, &nbsp;Hans Gert &#8222;Tschipsl&#8220; FISCHER, Josef&nbsp; &#8222;Pepi&#8220; ZENZ, Karl &#8222;Charly&#8220; HAUER, Franz KAROLY, &nbsp;Josef &hellip; <\/p>\n<p><a class=\"more-link btn\" href=\"https:\/\/www.ahc-neudoerfl.com\/?page_id=30\">Weiterlesen<\/a><\/p>\n","protected":false},"author":3,"featured_media":0,"parent":0,"menu_order":0,"comment_status":"closed","ping_status":"closed","template":"","meta":{"ngg_post_thumbnail":0,"footnotes":""},"class_list":["post-30","page","type-page","status-publish","hentry","nodate","item-wrap"],"_links":{"self":[{"href":"https:\/\/www.ahc-neudoerfl.com\/index.php?rest_route=\/wp\/v2\/pages\/30","targetHints":{"allow":["GET"]}}],"collection":[{"href":"https:\/\/www.ahc-neudoerfl.com\/index.php?rest_route=\/wp\/v2\/pages"}],"about":[{"href":"https:\/\/www.ahc-neudoerfl.com\/index.php?rest_route=\/wp\/v2\/types\/page"}],"author":[{"embeddable":true,"href":"https:\/\/www.ahc-neudoerfl.com\/index.php?rest_route=\/wp\/v2\/users\/3"}],"replies":[{"embeddable":true,"href":"https:\/\/www.ahc-neudoerfl.com\/index.php?rest_route=%2Fwp%2Fv2%2Fcomments&post=30"}],"version-history":[{"count":39,"href":"https:\/\/www.ahc-neudoerfl.com\/index.php?rest_route=\/wp\/v2\/pages\/30\/revisions"}],"predecessor-version":[{"id":776,"href":"https:\/\/www.ahc-neudoerfl.com\/index.php?rest_route=\/wp\/v2\/pages\/30\/revisions\/776"}],"wp:attachment":[{"href":"https:\/\/www.ahc-neudoerfl.com\/index.php?rest_route=%2Fwp%2Fv2%2Fmedia&parent=30"}],"curies":[{"name":"wp","href":"https:\/\/api.w.org\/{rel}","templated":true}]}}